{"id":403,"date":"2025-06-04T22:15:49","date_gmt":"2025-06-04T22:15:49","guid":{"rendered":"https:\/\/glground.co\/?page_id=403"},"modified":"2026-03-26T16:03:46","modified_gmt":"2026-03-26T16:03:46","slug":"calculadora-de-resistencia-de-puesta-a-tierra","status":"publish","type":"page","link":"https:\/\/glground.co\/en\/calculadora-de-resistencia-de-puesta-a-tierra\/","title":{"rendered":"Calculadora"},"content":{"rendered":"\t\t<div data-elementor-type=\"wp-page\" data-elementor-id=\"403\" class=\"elementor elementor-403\" data-elementor-post-type=\"page\">\n\t\t\t\t<div class=\"elementor-element elementor-element-7217801 e-flex e-con-boxed e-con e-parent\" data-id=\"7217801\" data-element_type=\"container\" data-e-type=\"container\">\n\t\t\t\t\t<div class=\"e-con-inner\">\n\t\t<div class=\"elementor-element elementor-element-174e280 e-con-full e-flex e-con e-child\" data-id=\"174e280\" data-element_type=\"container\" data-e-type=\"container\">\n\t\t\t\t<div class=\"elementor-element elementor-element-46eb751 elementor-widget__width-inherit elementor-widget elementor-widget-video\" data-id=\"46eb751\" data-element_type=\"widget\" data-e-type=\"widget\" data-settings=\"{&quot;video_type&quot;:&quot;hosted&quot;,&quot;controls&quot;:&quot;yes&quot;}\" data-widget_type=\"video.default\">\n\t\t\t\t<div class=\"elementor-widget-container\">\n\t\t\t\t\t\t\t<div class=\"e-hosted-video elementor-wrapper elementor-open-inline\">\n\t\t\t\t\t<video class=\"elementor-video\" src=\"https:\/\/glground.co\/wp-content\/uploads\/2026\/03\/WhatsApp-Video-2026-03-25-at-10.50.27-AM.webm\" controls=\"\" preload=\"metadata\" controlsList=\"nodownload\"><\/video>\n\t\t\t\t<\/div>\n\t\t\t\t\t\t<\/div>\n\t\t\t\t<\/div>\n\t\t\t\t<\/div>\n\t\t<div class=\"elementor-element elementor-element-0de8ded e-con-full e-flex e-con e-child\" data-id=\"0de8ded\" data-element_type=\"container\" data-e-type=\"container\">\n\t\t\t\t<div class=\"elementor-element elementor-element-ce81e11 elementor-widget-mobile__width-inherit elementor-widget elementor-widget-heading\" data-id=\"ce81e11\" data-element_type=\"widget\" data-e-type=\"widget\" data-widget_type=\"heading.default\">\n\t\t\t\t<div class=\"elementor-widget-container\">\n\t\t\t\t\t<h1 class=\"elementor-heading-title elementor-size-default\">Calculadora de resistencia y consumo de cemento conductivo para puesta a tierra<\/h1>\t\t\t\t<\/div>\n\t\t\t\t<\/div>\n\t\t\t\t<div class=\"elementor-element elementor-element-480562c elementor-widget elementor-widget-text-editor\" data-id=\"480562c\" data-element_type=\"widget\" data-e-type=\"widget\" data-widget_type=\"text-editor.default\">\n\t\t\t\t<div class=\"elementor-widget-container\">\n\t\t\t\t\t\t\t\t\t<p><span style=\"font-weight: 400;\">Calcula f\u00e1cilmente la <\/span><b>resistencia de puesta a tierra<\/b><span style=\"font-weight: 400;\"> de tu instalaci\u00f3n con nuestra herramienta t\u00e9cnica. Esta calculadora te permite obtener un valor estimado de resistencia seg\u00fan los par\u00e1metros del terreno, el tipo de electrodo y las condiciones de instalaci\u00f3n.<\/span><\/p>\t\t\t\t\t\t\t\t<\/div>\n\t\t\t\t<\/div>\n\t\t\t\t<div class=\"elementor-element elementor-element-b8d59ef elementor-mobile-align-justify elementor-align-left elementor-widget elementor-widget-button\" data-id=\"b8d59ef\" data-element_type=\"widget\" data-e-type=\"widget\" data-widget_type=\"button.default\">\n\t\t\t\t<div class=\"elementor-widget-container\">\n\t\t\t\t\t\t\t\t\t<div class=\"elementor-button-wrapper\">\n\t\t\t\t\t<a class=\"elementor-button elementor-button-link elementor-size-sm elementor-animation-grow\" href=\"https:\/\/api.whatsapp.com\/send?phone=573154443935&#038;text=Hola%21%20Vengo%20de%20la%20calculadora%20y%20quiero%20solicitar%20una%20medici%C3%B3n%20de%20resistencia%20de%20puesta%20a%20tierra.\" target=\"_blank\" rel=\"nofollow\">\n\t\t\t\t\t\t<span class=\"elementor-button-content-wrapper\">\n\t\t\t\t\t\t\t\t\t<span class=\"elementor-button-text\">Solicita tu medici\u00f3n con Ground Lightning<\/span>\n\t\t\t\t\t<\/span>\n\t\t\t\t\t<\/a>\n\t\t\t\t<\/div>\n\t\t\t\t\t\t\t\t<\/div>\n\t\t\t\t<\/div>\n\t\t\t\t<div class=\"elementor-element elementor-element-5e1e217 elementor-widget elementor-widget-shortcode\" data-id=\"5e1e217\" data-element_type=\"widget\" data-e-type=\"widget\" data-widget_type=\"shortcode.default\">\n\t\t\t\t<div class=\"elementor-widget-container\">\n\t\t\t\t\t\t\t<div class=\"elementor-shortcode\"><style>\n  .gl-calc input, .gl-calc button {\n    padding: 8px;\n    margin: 6px 0;\n    width: 100%;\n    max-width: 250px;\n  }\n  .gl-calc label { display: block; font-weight: bold; }\n  .gl-calc .row {\n    display: flex;\n    flex-wrap: wrap;\n    gap: 16px;\n  }\n  .gl-calc .column {\n    flex: 1;\n    min-width: 220px;\n  }\n  .gl-calc-result {\n    margin-top: 20px;\n    background: #ddd;\n    padding: 20px;\n    border-radius: 8px;\n    display: none;\n    text-align: center;\n  }\n  .gl-calc-form {\n    margin-top: 20px;\n    display: none;\n  }\n  .gl-calc-result p {\n    font-size: 1.1em;\n    margin: 0.5em 0;\n  }\n\t\/* Alinea el bloque del checkbox con texto *\/\nlabel[for=\"acepta_politicas\"], \n.gl-politicas-wrap {\n  display: flex;\n  align-items: center;\n  font-size: 14px;\n  gap: 6px;\n  margin-top: 15px;\n  margin-left: 0;\n  text-align: left;\n}\n\n.gl-politicas-wrap a {\n  color: #198754;\n  font-weight: 600;\n  text-decoration: none;\n}\n\n.gl-politicas-wrap a:hover {\n  text-decoration: underline;\n}\n\n<\/style>\n\n<div class=\"gl-calc\">\n  <h3>Calcular Resistencia<\/h3>\n  <p><strong>C\u00e1lculo de resistencia<\/strong> para contrapeso teniendo en cuenta que el grosor de capa GL es de 0.05 mts<\/p>\n  <div class=\"row\">\n    <div class=\"column\">\n      <label for=\"ancho\">Ancho Zanja (mts)<\/label>\n      <input type=\"number\" id=\"ancho\" step=\"0.01\" value=\"0.15\">\n    <\/div>\n    <div class=\"column\">\n      <label for=\"profundidad\">Profundidad (mts)<\/label>\n      <input type=\"number\" id=\"profundidad\" step=\"0.01\" value=\"0.50\">\n    <\/div>\n    <div class=\"column\">\n      <label for=\"longitud\">Longitud Zanja (mts)<\/label>\n      <input type=\"number\" id=\"longitud\" step=\"0.01\">\n    <\/div>\n    <div class=\"column\">\n      <label for=\"capa\">Grosor Capa (mts)<\/label>\n      <input type=\"number\" id=\"capa\" step=\"0.01\" value=\"0.05\">\n    <\/div>\n    <div class=\"column\">\n      <label for=\"resistividad\">Resistividad (Ohm-mts)<\/label>\n      <input type=\"number\" id=\"resistividad\" step=\"0.01\">\n    <\/div>\n  <\/div>\n  <button onclick=\"calcularGL()\">Calcular<\/button>\n\n  <div class=\"gl-calc-result\" id=\"resultado\">\n    <p>La resistencia esperada es: <strong><span id=\"resistencia_resultado\"><\/span> Ohmios<\/strong> utilizando cemento conductivo GL.<\/p>\n    <p>La cantidad necesaria de producto es: <strong><span id=\"kilos_resultado\"><\/span> kg<\/strong><\/p>\n    <button onclick=\"document.getElementById('formulario').style.display='block'\">Cotizar<\/button>\n  <\/div>\n\n  <div class=\"gl-calc-form\" id=\"formulario\">\n    <h4>Cotizar Producto<\/h4>\n    <form method=\"post\">\n      <div class=\"row\">\n        <div class=\"column\">\n          <label>Nombre*<\/label>\n          <input type=\"text\" name=\"gl_nombre\" required>\n        <\/div>\n        <div class=\"column\">\n          <label>Correo Electr\u00f3nico*<\/label>\n          <input type=\"email\" name=\"gl_correo\" required>\n        <\/div>\n        <div class=\"column\">\n          <label>Tel\u00e9fono*<\/label>\n          <input type=\"text\" name=\"gl_telefono\" required>\n        <\/div>\n        <div class=\"column\">\n          <label>Cantidad (Bolsas de 25 kg)*<\/label>\n          <input type=\"number\" name=\"gl_cantidad\" id=\"cantidad_bolsas\" readonly>\n        <\/div>\n      <\/div>\n      <!-- Checkbox + enlace de pol\u00edticas -->\n<div class=\"gl-politicas-wrap\">\n  <input type=\"checkbox\" id=\"acepta_politicas\" name=\"acepta_politicas\" required>\n  <label for=\"acepta_politicas\">Acepto las <a href=\"#\" id=\"abrirModalPoliticas\">pol\u00edticas de privacidad<\/a><\/label>\n<\/div>\n\n<!-- Modal de pol\u00edticas -->\n<div id=\"modalPoliticas\" style=\"display:none; position: fixed; z-index: 9999; left: 0; top: 0; width: 100%; height: 100%; background-color: rgba(0,0,0,0.5);\">\n  <div style=\"background: white; padding: 30px; max-width: 700px; margin: 10% auto; border-radius: 6px; position: relative;\">\n    <h3 style=\"margin-top:0;\">Pol\u00edticas de privacidad<\/h3>\n    <div style=\"max-height: 300px; overflow-y: auto; font-size: 14px;\">\n      <p>\"Ground Lightning pone en conocimiento de los usuarios de www.glground.co, su pol\u00edtica de protecci\u00f3n de datos de car\u00e1cter personal, para que los usuarios determinen libre y voluntariamente si desean facilitar a Ground Lightning los datos personales que se les requieran con ocasi\u00f3n de rellenar cualquier formulario o correo de contacto, sin perjuicio que se proceda a dar cumplimiento al deber de informaci\u00f3n en cada uno de los medios a trav\u00e9s de los que se proceda a la recogida de datos de car\u00e1cter personal. Ground Lightning declara su respeto y cumplimiento de las disposiciones recogidas en el decreto 1377 del 2013 de la republica de Colombia. El usuario responder\u00e1, en cualquier caso, de la veracidad de los datos facilitados, reserv\u00e1ndose Ground Lightning, el derecho a excluir de los servicios registrados a todo usuario que haya facilitado datos falsos, sin perjuicio de las dem\u00e1s acciones que procedan en derecho. Usted queda informado que los datos que facilite a trav\u00e9s de la p\u00e1gina web www.glground.co, Ground Lightning utilizar\u00e1 esos datos para el env\u00edo de informaci\u00f3n, para el env\u00edo de publicidad y para la solicitud de informaci\u00f3n sobre productos y servicios y mejorar la calidad del servicio. Le informamos de la posibilidad de ejercer en cualquier momento los derechos de acceso, rectificaci\u00f3n, oposici\u00f3n y, en su caso, cancelaci\u00f3n de sus datos de car\u00e1cter personal suministrados, mediante petici\u00f3n escrita dirigida a Ground Lightning en la Carrera 21 # 55 39 Piso 2, Edificio Maria de Jesus, barrio La concordia de la ciudad de Bucaramanga, Santander, Colombia. O expres\u00e1ndolo por escrito v\u00eda correo electr\u00f3nico a info@glground.co\"<\/p>\n    <\/div>\n    <button onclick=\"document.getElementById('modalPoliticas').style.display='none'\" style=\"margin-top: 20px; background: #28a745; color: white; border: none; padding: 10px 20px; border-radius: 4px;\">Cerrar<\/button>\n  <\/div>\n<\/div>\n\n<!-- JS para abrir el modal -->\n<script>\ndocument.getElementById(\"abrirModalPoliticas\").addEventListener(\"click\", function(event) {\n  event.preventDefault();\n  document.getElementById(\"modalPoliticas\").style.display = \"block\";\n});\n<\/script>\n\n      <br><br>\n      <button type=\"submit\" name=\"enviar_gl\">Enviar<\/button>\n    <\/form>\n  <\/div>\n<\/div>\n\n\n<script>\nfunction calcularGL() {\n  const ancho = parseFloat(document.getElementById(\"ancho\").value);\n  const profundidad = parseFloat(document.getElementById(\"profundidad\").value);\n  const longitud = parseFloat(document.getElementById(\"longitud\").value);\n  const capa = parseFloat(document.getElementById(\"capa\").value);\n  const resistividad = parseFloat(document.getElementById(\"resistividad\").value);\n\n  const operador1 = 1.336;\n  const operador2 = 0.001;\n\n  if ([ancho, profundidad, longitud, capa, resistividad].some(isNaN) || capa < 0.05) {\n    alert(\"Completa todos los campos correctamente. El grosor no debe ser menor a 0.05 mts.\");\n    return;\n  }\n\n  \/\/ C\u00e1lculo de cantidad de producto\n  const kilos = (capa * longitud * ancho * operador1) \/ operador2;\n  const kilosText = kilos.toLocaleString('de-DE', { minimumFractionDigits: 1, maximumFractionDigits: 1 });\n  const bolsas = Math.ceil(kilos \/ 25);\n\n  \/\/ C\u00e1lculo de resistencia CORRECTO\n  let resistencia = (resistividad \/ (2 * Math.PI * longitud)) * (Math.log(4 * longitud \/ ancho) + Math.log(longitud \/ (2 * profundidad)));\n  resistencia = Number(resistencia.toFixed(2));\n\n  document.getElementById(\"resistencia_resultado\").innerText = resistencia;\n  document.getElementById(\"kilos_resultado\").innerText = kilosText;\n  document.getElementById(\"cantidad_bolsas\").value = bolsas;\n\n  document.getElementById(\"resultado\").style.display = \"block\";\n}\n<\/script>\n\n<\/div>\n\t\t\t\t\t\t<\/div>\n\t\t\t\t<\/div>\n\t\t\t\t<\/div>\n\t\t\t\t\t<\/div>\n\t\t\t\t<\/div>\n\t\t\t\t<\/div>\n\t\t","protected":false},"excerpt":{"rendered":"<p>https:\/\/glground.co\/wp-content\/uploads\/2026\/03\/WhatsApp-Video-2026-03-25-at-10.50.27-AM.webm Calculadora de resistencia y consumo de cemento conductivo para puesta a tierra Calcula f\u00e1cilmente la resistencia de puesta a [&hellip;]<\/p>\n","protected":false},"author":1,"featured_media":0,"parent":0,"menu_order":0,"comment_status":"closed","ping_status":"closed","template":"","meta":{"content-type":"","site-sidebar-layout":"no-sidebar","site-content-layout":"","ast-site-content-layout":"full-width-container","site-content-style":"default","site-sidebar-style":"default","ast-global-header-display":"","ast-banner-title-visibility":"","ast-main-header-display":"","ast-hfb-above-header-display":"","ast-hfb-below-header-display":"","ast-hfb-mobile-header-display":"","site-post-title":"disabled","ast-breadcrumbs-content":"","ast-featured-img":"disabled","footer-sml-layout":"","ast-disable-related-posts":"","theme-transparent-header-meta":"","adv-header-id-meta":"","stick-header-meta":"","header-above-stick-meta":"","header-main-stick-meta":"","header-below-stick-meta":"","astra-migrate-meta-layouts":"default","ast-page-background-enabled":"default","ast-page-background-meta":{"desktop":{"background-color":"var(--ast-global-color-5)","background-image":"","background-repeat":"repeat","background-position":"center center","background-size":"auto","background-attachment":"scroll","background-type":"","background-media":"","overlay-type":"","overlay-color":"","overlay-opacity":"","overlay-gradient":""},"tablet":{"background-color":"","background-image":"","background-repeat":"repeat","background-position":"center center","background-size":"auto","background-attachment":"scroll","background-type":"","background-media":"","overlay-type":"","overlay-color":"","overlay-opacity":"","overlay-gradient":""},"mobile":{"background-color":"","background-image":"","background-repeat":"repeat","background-position":"center center","background-size":"auto","background-attachment":"scroll","background-type":"","background-media":"","overlay-type":"","overlay-color":"","overlay-opacity":"","overlay-gradient":""}},"ast-content-background-meta":{"desktop":{"background-color":"var(--ast-global-color-4)","background-image":"","background-repeat":"repeat","background-position":"center center","background-size":"auto","background-attachment":"scroll","background-type":"","background-media":"","overlay-type":"","overlay-color":"","overlay-opacity":"","overlay-gradient":""},"tablet":{"background-color":"var(--ast-global-color-4)","background-image":"","background-repeat":"repeat","background-position":"center center","background-size":"auto","background-attachment":"scroll","background-type":"","background-media":"","overlay-type":"","overlay-color":"","overlay-opacity":"","overlay-gradient":""},"mobile":{"background-color":"var(--ast-global-color-4)","background-image":"","background-repeat":"repeat","background-position":"center center","background-size":"auto","background-attachment":"scroll","background-type":"","background-media":"","overlay-type":"","overlay-color":"","overlay-opacity":"","overlay-gradient":""}},"_joinchat":[],"footnotes":""},"class_list":["post-403","page","type-page","status-publish","hentry"],"yoast_head":"<!-- This site is optimized with the Yoast SEO plugin v26.6 - https:\/\/yoast.com\/wordpress\/plugins\/seo\/ -->\n<title>Calculadora de resistencia de puesta a tierra- Ground Lightning<\/title>\n<meta name=\"description\" content=\"Usa nuestra calculadora para estimar resistencia el\u00e9ctrica y cantidad de aglomerante conductivo en tu sistema de puesta a tierra.\" \/>\n<meta name=\"robots\" content=\"index, follow, max-snippet:-1, max-image-preview:large, max-video-preview:-1\" \/>\n<link rel=\"canonical\" href=\"https:\/\/glground.co\/en\/calculadora\/\" \/>\n<meta property=\"og:locale\" content=\"en_US\" \/>\n<meta property=\"og:type\" content=\"article\" \/>\n<meta property=\"og:title\" content=\"Calculadora de resistencia de puesta a tierra- Ground Lightning\" \/>\n<meta property=\"og:description\" content=\"Usa nuestra calculadora para estimar resistencia el\u00e9ctrica y cantidad de aglomerante conductivo en tu sistema de puesta a tierra.\" \/>\n<meta property=\"og:url\" content=\"https:\/\/glground.co\/en\/calculadora\/\" \/>\n<meta property=\"og:site_name\" content=\"GL\" \/>\n<meta property=\"article:modified_time\" content=\"2026-03-26T16:03:46+00:00\" \/>\n<meta name=\"twitter:card\" content=\"summary_large_image\" \/>\n<meta name=\"twitter:label1\" content=\"Est. reading time\" \/>\n\t<meta name=\"twitter:data1\" content=\"1 minute\" \/>\n<script type=\"application\/ld+json\" class=\"yoast-schema-graph\">{\"@context\":\"https:\/\/schema.org\",\"@graph\":[{\"@type\":\"WebPage\",\"@id\":\"https:\/\/glground.co\/calculadora-de-resistencia-de-puesta-a-tierra\/\",\"url\":\"https:\/\/glground.co\/calculadora\/\",\"name\":\"Calculadora de resistencia de puesta a tierra- Ground Lightning\",\"isPartOf\":{\"@id\":\"https:\/\/glground.co\/#website\"},\"datePublished\":\"2025-06-04T22:15:49+00:00\",\"dateModified\":\"2026-03-26T16:03:46+00:00\",\"description\":\"Usa nuestra calculadora para estimar resistencia el\u00e9ctrica y cantidad de aglomerante conductivo en tu sistema de puesta a tierra.\",\"breadcrumb\":{\"@id\":\"https:\/\/glground.co\/calculadora\/#breadcrumb\"},\"inLanguage\":\"en-US\",\"potentialAction\":[{\"@type\":\"ReadAction\",\"target\":[\"https:\/\/glground.co\/calculadora\/\"]}]},{\"@type\":\"BreadcrumbList\",\"@id\":\"https:\/\/glground.co\/calculadora\/#breadcrumb\",\"itemListElement\":[{\"@type\":\"ListItem\",\"position\":1,\"name\":\"Inicio\",\"item\":\"https:\/\/glground.co\/\"},{\"@type\":\"ListItem\",\"position\":2,\"name\":\"Calculadora\"}]},{\"@type\":\"WebSite\",\"@id\":\"https:\/\/glground.co\/#website\",\"url\":\"https:\/\/glground.co\/\",\"name\":\"GL\",\"description\":\"Soluciones El\u00e9ctricas s.a.s.\",\"publisher\":{\"@id\":\"https:\/\/glground.co\/#organization\"},\"potentialAction\":[{\"@type\":\"SearchAction\",\"target\":{\"@type\":\"EntryPoint\",\"urlTemplate\":\"https:\/\/glground.co\/?s={search_term_string}\"},\"query-input\":{\"@type\":\"PropertyValueSpecification\",\"valueRequired\":true,\"valueName\":\"search_term_string\"}}],\"inLanguage\":\"en-US\"},{\"@type\":\"Organization\",\"@id\":\"https:\/\/glground.co\/#organization\",\"name\":\"GL\",\"url\":\"https:\/\/glground.co\/\",\"logo\":{\"@type\":\"ImageObject\",\"inLanguage\":\"en-US\",\"@id\":\"https:\/\/glground.co\/#\/schema\/logo\/image\/\",\"url\":\"https:\/\/glground.co\/wp-content\/uploads\/2025\/05\/LogoGLEN.png\",\"contentUrl\":\"https:\/\/glground.co\/wp-content\/uploads\/2025\/05\/LogoGLEN.png\",\"width\":2138,\"height\":839,\"caption\":\"GL\"},\"image\":{\"@id\":\"https:\/\/glground.co\/#\/schema\/logo\/image\/\"}}]}<\/script>\n<!-- \/ Yoast SEO plugin. -->","yoast_head_json":{"title":"Calculadora de resistencia de puesta a tierra- Ground Lightning","description":"Usa nuestra calculadora para estimar resistencia el\u00e9ctrica y cantidad de aglomerante conductivo en tu sistema de puesta a tierra.","robots":{"index":"index","follow":"follow","max-snippet":"max-snippet:-1","max-image-preview":"max-image-preview:large","max-video-preview":"max-video-preview:-1"},"canonical":"https:\/\/glground.co\/en\/calculadora\/","og_locale":"en_US","og_type":"article","og_title":"Calculadora de resistencia de puesta a tierra- Ground Lightning","og_description":"Usa nuestra calculadora para estimar resistencia el\u00e9ctrica y cantidad de aglomerante conductivo en tu sistema de puesta a tierra.","og_url":"https:\/\/glground.co\/en\/calculadora\/","og_site_name":"GL","article_modified_time":"2026-03-26T16:03:46+00:00","twitter_card":"summary_large_image","twitter_misc":{"Est. reading time":"1 minute"},"schema":{"@context":"https:\/\/schema.org","@graph":[{"@type":"WebPage","@id":"https:\/\/glground.co\/calculadora-de-resistencia-de-puesta-a-tierra\/","url":"https:\/\/glground.co\/calculadora\/","name":"Calculadora de resistencia de puesta a tierra- Ground Lightning","isPartOf":{"@id":"https:\/\/glground.co\/#website"},"datePublished":"2025-06-04T22:15:49+00:00","dateModified":"2026-03-26T16:03:46+00:00","description":"Usa nuestra calculadora para estimar resistencia el\u00e9ctrica y cantidad de aglomerante conductivo en tu sistema de puesta a tierra.","breadcrumb":{"@id":"https:\/\/glground.co\/calculadora\/#breadcrumb"},"inLanguage":"en-US","potentialAction":[{"@type":"ReadAction","target":["https:\/\/glground.co\/calculadora\/"]}]},{"@type":"BreadcrumbList","@id":"https:\/\/glground.co\/calculadora\/#breadcrumb","itemListElement":[{"@type":"ListItem","position":1,"name":"Inicio","item":"https:\/\/glground.co\/"},{"@type":"ListItem","position":2,"name":"Calculadora"}]},{"@type":"WebSite","@id":"https:\/\/glground.co\/#website","url":"https:\/\/glground.co\/","name":"GL","description":"Soluciones El\u00e9ctricas s.a.s.","publisher":{"@id":"https:\/\/glground.co\/#organization"},"potentialAction":[{"@type":"SearchAction","target":{"@type":"EntryPoint","urlTemplate":"https:\/\/glground.co\/?s={search_term_string}"},"query-input":{"@type":"PropertyValueSpecification","valueRequired":true,"valueName":"search_term_string"}}],"inLanguage":"en-US"},{"@type":"Organization","@id":"https:\/\/glground.co\/#organization","name":"GL","url":"https:\/\/glground.co\/","logo":{"@type":"ImageObject","inLanguage":"en-US","@id":"https:\/\/glground.co\/#\/schema\/logo\/image\/","url":"https:\/\/glground.co\/wp-content\/uploads\/2025\/05\/LogoGLEN.png","contentUrl":"https:\/\/glground.co\/wp-content\/uploads\/2025\/05\/LogoGLEN.png","width":2138,"height":839,"caption":"GL"},"image":{"@id":"https:\/\/glground.co\/#\/schema\/logo\/image\/"}}]}},"_links":{"self":[{"href":"https:\/\/glground.co\/en\/wp-json\/wp\/v2\/pages\/403","targetHints":{"allow":["GET"]}}],"collection":[{"href":"https:\/\/glground.co\/en\/wp-json\/wp\/v2\/pages"}],"about":[{"href":"https:\/\/glground.co\/en\/wp-json\/wp\/v2\/types\/page"}],"author":[{"embeddable":true,"href":"https:\/\/glground.co\/en\/wp-json\/wp\/v2\/users\/1"}],"replies":[{"embeddable":true,"href":"https:\/\/glground.co\/en\/wp-json\/wp\/v2\/comments?post=403"}],"version-history":[{"count":55,"href":"https:\/\/glground.co\/en\/wp-json\/wp\/v2\/pages\/403\/revisions"}],"predecessor-version":[{"id":2865,"href":"https:\/\/glground.co\/en\/wp-json\/wp\/v2\/pages\/403\/revisions\/2865"}],"wp:attachment":[{"href":"https:\/\/glground.co\/en\/wp-json\/wp\/v2\/media?parent=403"}],"curies":[{"name":"wp","href":"https:\/\/api.w.org\/{rel}","templated":true}]}}