{"id":723,"date":"2025-06-10T03:32:17","date_gmt":"2025-06-10T03:32:17","guid":{"rendered":"https:\/\/glground.co\/?page_id=723"},"modified":"2025-10-10T20:51:20","modified_gmt":"2025-10-10T20:51:20","slug":"pqrsf-preguntas-quejas-peticiones","status":"publish","type":"page","link":"https:\/\/glground.co\/en\/pqrsf-preguntas-quejas-peticiones\/","title":{"rendered":"PQRSF"},"content":{"rendered":"\t\t<div data-elementor-type=\"wp-page\" data-elementor-id=\"723\" class=\"elementor elementor-723\" data-elementor-post-type=\"page\">\n\t\t\t\t<div class=\"elementor-element elementor-element-e661a8c e-con-full e-flex e-con e-parent\" data-id=\"e661a8c\" data-element_type=\"container\" data-e-type=\"container\" data-settings=\"{&quot;background_background&quot;:&quot;classic&quot;}\">\n\t\t\t\t<div class=\"elementor-element elementor-element-8104ba4 elementor-widget elementor-widget-heading\" data-id=\"8104ba4\" data-element_type=\"widget\" data-e-type=\"widget\" data-widget_type=\"heading.default\">\n\t\t\t\t<div class=\"elementor-widget-container\">\n\t\t\t\t\t<h1 class=\"elementor-heading-title elementor-size-default\">PQRSF \u2013 Peticiones, Quejas, Reclamos y Sugerencias <\/h1>\t\t\t\t<\/div>\n\t\t\t\t<\/div>\n\t\t\t\t<div class=\"elementor-element elementor-element-0688873 elementor-widget elementor-widget-heading\" data-id=\"0688873\" data-element_type=\"widget\" data-e-type=\"widget\" data-widget_type=\"heading.default\">\n\t\t\t\t<div class=\"elementor-widget-container\">\n\t\t\t\t\t<h2 class=\"elementor-heading-title elementor-size-default\">Quejas, reclamos, sugerencias, felicitaciones, discriminaci\u00f3n<\/h2>\t\t\t\t<\/div>\n\t\t\t\t<\/div>\n\t\t\t\t<div class=\"elementor-element elementor-element-dab54b8 elementor-widget__width-inherit elementor-widget elementor-widget-text-editor\" data-id=\"dab54b8\" data-element_type=\"widget\" data-e-type=\"widget\" data-widget_type=\"text-editor.default\">\n\t\t\t\t<div class=\"elementor-widget-container\">\n\t\t\t\t\t\t\t\t\t<p><span style=\"font-weight: 400;\">En <\/span><b>Ground Lightning SAS<\/b><span style=\"font-weight: 400;\"> valoramos tu opini\u00f3n y estamos comprometidos con la mejora continua.<\/span><\/p><p><span style=\"font-weight: 400;\">Si tienes alguna <\/span><b>pregunta, queja, petici\u00f3n o sugerencia<\/b><span style=\"font-weight: 400;\"> relacionada con nuestros productos o servicios, est\u00e1s en el lugar indicado.<\/span><\/p><p><span style=\"font-weight: 400;\">Completa el formulario a continuaci\u00f3n y nuestro equipo de atenci\u00f3n al cliente te responder\u00e1 en el menor tiempo posible.<\/span><\/p>\t\t\t\t\t\t\t\t<\/div>\n\t\t\t\t<\/div>\n\t\t\t\t<div class=\"elementor-element elementor-element-3b92989 elementor-button-align-start elementor-widget elementor-widget-form\" data-id=\"3b92989\" data-element_type=\"widget\" data-e-type=\"widget\" data-settings=\"{&quot;step_next_label&quot;:&quot;Next&quot;,&quot;step_previous_label&quot;:&quot;Previous&quot;,&quot;button_width&quot;:&quot;100&quot;,&quot;step_type&quot;:&quot;number_text&quot;,&quot;step_icon_shape&quot;:&quot;circle&quot;}\" data-widget_type=\"form.default\">\n\t\t\t\t<div class=\"elementor-widget-container\">\n\t\t\t\t\t\t\t<form class=\"elementor-form\" method=\"post\" name=\"New Form\" aria-label=\"New Form\">\n\t\t\t<input type=\"hidden\" name=\"post_id\" value=\"723\"\/>\n\t\t\t<input type=\"hidden\" name=\"form_id\" value=\"3b92989\"\/>\n\t\t\t<input type=\"hidden\" name=\"referer_title\" value=\"PQRSF: Preguntas, quejas y peticiones- Ground Lightning\" \/>\n\n\t\t\t\t\t\t\t<input type=\"hidden\" name=\"queried_id\" value=\"723\"\/>\n\t\t\t\n\t\t\t<div class=\"elementor-form-fields-wrapper elementor-labels-above\">\n\t\t\t\t\t\t\t\t<div class=\"elementor-field-type-select elementor-field-group elementor-column elementor-field-group-name elementor-col-50 elementor-field-required\">\n\t\t\t\t\t\t\t\t\t\t\t\t<label for=\"form-field-name\" class=\"elementor-field-label\">\n\t\t\t\t\t\t\t\t Tipo Identificaci\u00f3n\t\t\t\t\t\t\t<\/label>\n\t\t\t\t\t\t\t\t<div class=\"elementor-field elementor-select-wrapper remove-before \">\n\t\t\t<div class=\"select-caret-down-wrapper\">\n\t\t\t\t<svg aria-hidden=\"true\" class=\"e-font-icon-svg e-eicon-caret-down\" viewBox=\"0 0 571.4 571.4\" xmlns=\"http:\/\/www.w3.org\/2000\/svg\"><path d=\"M571 393Q571 407 561 418L311 668Q300 679 286 679T261 668L11 418Q0 407 0 393T11 368 36 357H536Q550 357 561 368T571 393Z\"><\/path><\/svg>\t\t\t<\/div>\n\t\t\t<select name=\"form_fields[name]\" id=\"form-field-name\" class=\"elementor-field-textual elementor-size-sm\" required=\"required\">\n\t\t\t\t\t\t\t\t\t<option value=\"Seleccione...\">Seleccione...<\/option>\n\t\t\t\t\t\t\t\t\t<option value=\"C\u00f3digo NIT Extranjer\u00eda\">C\u00f3digo NIT Extranjer\u00eda<\/option>\n\t\t\t\t\t\t\t\t\t<option value=\"Registro Civil\">Registro Civil<\/option>\n\t\t\t\t\t\t\t\t\t<option value=\"Tarjeta Identidad\">Tarjeta Identidad<\/option>\n\t\t\t\t\t\t\t\t\t<option value=\"C\u00e9dula Ciudadan\u00eda\">C\u00e9dula Ciudadan\u00eda<\/option>\n\t\t\t\t\t\t\t\t\t<option value=\"C\u00e9dula Extrajer\u00eda\">C\u00e9dula Extrajer\u00eda<\/option>\n\t\t\t\t\t\t\t\t\t<option value=\"Tarjeta Extranjer\u00eda\">Tarjeta Extranjer\u00eda<\/option>\n\t\t\t\t\t\t\t\t\t<option value=\"Nit\">Nit<\/option>\n\t\t\t\t\t\t\t\t\t<option value=\"Pasaporte\">Pasaporte<\/option>\n\t\t\t\t\t\t\t<\/select>\n\t\t<\/div>\n\t\t\t\t\t\t<\/div>\n\t\t\t\t\t\t\t\t<div class=\"elementor-field-type-text elementor-field-group elementor-column elementor-field-group-field_159f838 elementor-col-50\">\n\t\t\t\t\t\t\t\t\t\t\t\t<label for=\"form-field-field_159f838\" class=\"elementor-field-label\">\n\t\t\t\t\t\t\t\tIdentificaci\u00f3n\t\t\t\t\t\t\t<\/label>\n\t\t\t\t\t\t\t\t\t\t\t\t\t\t<input size=\"1\" type=\"text\" name=\"form_fields[field_159f838]\" id=\"form-field-field_159f838\" class=\"elementor-field elementor-size-sm  elementor-field-textual\">\n\t\t\t\t\t\t\t\t\t\t\t<\/div>\n\t\t\t\t\t\t\t\t<div class=\"elementor-field-type-text elementor-field-group elementor-column elementor-field-group-field_99ccfea elementor-col-50\">\n\t\t\t\t\t\t\t\t\t\t\t\t<label for=\"form-field-field_99ccfea\" class=\"elementor-field-label\">\n\t\t\t\t\t\t\t\tNombres\t\t\t\t\t\t\t<\/label>\n\t\t\t\t\t\t\t\t\t\t\t\t\t\t<input size=\"1\" type=\"text\" name=\"form_fields[field_99ccfea]\" id=\"form-field-field_99ccfea\" class=\"elementor-field elementor-size-sm  elementor-field-textual\">\n\t\t\t\t\t\t\t\t\t\t\t<\/div>\n\t\t\t\t\t\t\t\t<div class=\"elementor-field-type-text elementor-field-group elementor-column elementor-field-group-field_d3a80eb elementor-col-50\">\n\t\t\t\t\t\t\t\t\t\t\t\t<label for=\"form-field-field_d3a80eb\" class=\"elementor-field-label\">\n\t\t\t\t\t\t\t\tApellidos\t\t\t\t\t\t\t<\/label>\n\t\t\t\t\t\t\t\t\t\t\t\t\t\t<input size=\"1\" type=\"text\" name=\"form_fields[field_d3a80eb]\" id=\"form-field-field_d3a80eb\" class=\"elementor-field elementor-size-sm  elementor-field-textual\">\n\t\t\t\t\t\t\t\t\t\t\t<\/div>\n\t\t\t\t\t\t\t\t<div class=\"elementor-field-type-text elementor-field-group elementor-column elementor-field-group-field_bb2bb1e elementor-col-50\">\n\t\t\t\t\t\t\t\t\t\t\t\t<label for=\"form-field-field_bb2bb1e\" class=\"elementor-field-label\">\n\t\t\t\t\t\t\t\tDirecci\u00f3n\t\t\t\t\t\t\t<\/label>\n\t\t\t\t\t\t\t\t\t\t\t\t\t\t<input size=\"1\" type=\"text\" name=\"form_fields[field_bb2bb1e]\" id=\"form-field-field_bb2bb1e\" class=\"elementor-field elementor-size-sm  elementor-field-textual\">\n\t\t\t\t\t\t\t\t\t\t\t<\/div>\n\t\t\t\t\t\t\t\t<div class=\"elementor-field-type-tel elementor-field-group elementor-column elementor-field-group-field_1331e0f elementor-col-50\">\n\t\t\t\t\t\t\t\t\t\t\t\t<label for=\"form-field-field_1331e0f\" class=\"elementor-field-label\">\n\t\t\t\t\t\t\t\t Celular \/ Tel\u00e9fono \t\t\t\t\t\t\t<\/label>\n\t\t\t\t\t\t\t\t<input size=\"1\" type=\"tel\" name=\"form_fields[field_1331e0f]\" id=\"form-field-field_1331e0f\" class=\"elementor-field elementor-size-sm  elementor-field-textual\" pattern=\"[0-9()#&amp;+*-=.]+\" title=\"Only numbers and phone characters (#, -, *, etc) are accepted.\">\n\n\t\t\t\t\t\t<\/div>\n\t\t\t\t\t\t\t\t<div class=\"elementor-field-type-email elementor-field-group elementor-column elementor-field-group-email elementor-col-50 elementor-field-required\">\n\t\t\t\t\t\t\t\t\t\t\t\t<label for=\"form-field-email\" class=\"elementor-field-label\">\n\t\t\t\t\t\t\t\t Correo Electr\u00f3nico \t\t\t\t\t\t\t<\/label>\n\t\t\t\t\t\t\t\t\t\t\t\t\t\t<input size=\"1\" type=\"email\" name=\"form_fields[email]\" id=\"form-field-email\" class=\"elementor-field elementor-size-sm  elementor-field-textual\" required=\"required\">\n\t\t\t\t\t\t\t\t\t\t\t<\/div>\n\t\t\t\t\t\t\t\t<div class=\"elementor-field-type-select elementor-field-group elementor-column elementor-field-group-field_3051b13 elementor-col-50 elementor-field-required\">\n\t\t\t\t\t\t\t\t\t\t\t\t<label for=\"form-field-field_3051b13\" class=\"elementor-field-label\">\n\t\t\t\t\t\t\t\t Tipo PQRS\t\t\t\t\t\t\t<\/label>\n\t\t\t\t\t\t\t\t<div class=\"elementor-field elementor-select-wrapper remove-before \">\n\t\t\t<div class=\"select-caret-down-wrapper\">\n\t\t\t\t<svg aria-hidden=\"true\" class=\"e-font-icon-svg e-eicon-caret-down\" viewBox=\"0 0 571.4 571.4\" xmlns=\"http:\/\/www.w3.org\/2000\/svg\"><path d=\"M571 393Q571 407 561 418L311 668Q300 679 286 679T261 668L11 418Q0 407 0 393T11 368 36 357H536Q550 357 561 368T571 393Z\"><\/path><\/svg>\t\t\t<\/div>\n\t\t\t<select name=\"form_fields[field_3051b13]\" id=\"form-field-field_3051b13\" class=\"elementor-field-textual elementor-size-sm\" required=\"required\">\n\t\t\t\t\t\t\t\t\t<option value=\"Seleccione...\">Seleccione...<\/option>\n\t\t\t\t\t\t\t\t\t<option value=\"Queja\">Queja<\/option>\n\t\t\t\t\t\t\t\t\t<option value=\"Reclamo\">Reclamo<\/option>\n\t\t\t\t\t\t\t\t\t<option value=\"Sugerencia\">Sugerencia<\/option>\n\t\t\t\t\t\t\t\t\t<option value=\"Felicitaci\u00f3n\">Felicitaci\u00f3n<\/option>\n\t\t\t\t\t\t\t\t\t<option value=\"Discriminaci\u00f3n\">Discriminaci\u00f3n<\/option>\n\t\t\t\t\t\t\t<\/select>\n\t\t<\/div>\n\t\t\t\t\t\t<\/div>\n\t\t\t\t\t\t\t\t<div class=\"elementor-field-type-textarea elementor-field-group elementor-column elementor-field-group-message elementor-col-100\">\n\t\t\t\t\t\t\t\t\t\t\t\t<label for=\"form-field-message\" class=\"elementor-field-label\">\n\t\t\t\t\t\t\t\tDescripci\u00f3n\t\t\t\t\t\t\t<\/label>\n\t\t\t\t\t\t<textarea class=\"elementor-field-textual elementor-field  elementor-size-sm\" name=\"form_fields[message]\" id=\"form-field-message\" rows=\"2\"><\/textarea>\t\t\t\t<\/div>\n\t\t\t\t\t\t\t\t<div class=\"elementor-field-type-acceptance elementor-field-group elementor-column elementor-field-group-field_787b743 elementor-col-100 elementor-field-required\">\n\t\t\t\t\t\t\t<div class=\"elementor-field-subgroup\">\n\t\t\t<span class=\"elementor-field-option\">\n\t\t\t\t<input type=\"checkbox\" name=\"form_fields[field_787b743]\" id=\"form-field-field_787b743\" class=\"elementor-field elementor-size-sm  elementor-acceptance-field\" required=\"required\">\n\t\t\t\t<label for=\"form-field-field_787b743\">Acepto las <a href=https:\/\/glground.co\/politicas-de-privacidad\/ target=\"_blank\"> Pol\u00edticas de Privacidad<\/a>.<\/p><\/label>\t\t\t<\/span>\n\t\t<\/div>\n\t\t\t\t\t\t<\/div>\n\t\t\t\t\t\t\t\t<div class=\"elementor-field-group elementor-column elementor-field-type-submit elementor-col-100 e-form__buttons\">\n\t\t\t\t\t<button class=\"elementor-button elementor-size-sm elementor-animation-grow\" type=\"submit\">\n\t\t\t\t\t\t<span class=\"elementor-button-content-wrapper\">\n\t\t\t\t\t\t\t\t\t\t\t\t\t\t\t\t\t\t\t\t\t\t<span class=\"elementor-button-text\">Enviar PQRS<\/span>\n\t\t\t\t\t\t\t\t\t\t\t\t\t<\/span>\n\t\t\t\t\t<\/button>\n\t\t\t\t<\/div>\n\t\t\t<\/div>\n\t\t<\/form>\n\t\t\t\t\t\t<\/div>\n\t\t\t\t<\/div>\n\t\t\t\t<\/div>\n\t\t\t\t<\/div>\n\t\t","protected":false},"excerpt":{"rendered":"<p>PQRSF \u2013 Peticiones, Quejas, Reclamos y Sugerencias Quejas, reclamos, sugerencias, felicitaciones, discriminaci\u00f3n En Ground Lightning SAS valoramos tu opini\u00f3n y [&hellip;]<\/p>\n","protected":false},"author":1,"featured_media":0,"parent":0,"menu_order":0,"comment_status":"closed","ping_status":"closed","template":"","meta":{"content-type":"","site-sidebar-layout":"no-sidebar","site-content-layout":"","ast-site-content-layout":"full-width-container","site-content-style":"default","site-sidebar-style":"default","ast-global-header-display":"","ast-banner-title-visibility":"","ast-main-header-display":"","ast-hfb-above-header-display":"","ast-hfb-below-header-display":"","ast-hfb-mobile-header-display":"","site-post-title":"disabled","ast-breadcrumbs-content":"","ast-featured-img":"disabled","footer-sml-layout":"","ast-disable-related-posts":"","theme-transparent-header-meta":"","adv-header-id-meta":"","stick-header-meta":"","header-above-stick-meta":"","header-main-stick-meta":"","header-below-stick-meta":"","astra-migrate-meta-layouts":"default","ast-page-background-enabled":"default","ast-page-background-meta":{"desktop":{"background-color":"var(--ast-global-color-5)","background-image":"","background-repeat":"repeat","background-position":"center center","background-size":"auto","background-attachment":"scroll","background-type":"","background-media":"","overlay-type":"","overlay-color":"","overlay-opacity":"","overlay-gradient":""},"tablet":{"background-color":"","background-image":"","background-repeat":"repeat","background-position":"center center","background-size":"auto","background-attachment":"scroll","background-type":"","background-media":"","overlay-type":"","overlay-color":"","overlay-opacity":"","overlay-gradient":""},"mobile":{"background-color":"","background-image":"","background-repeat":"repeat","background-position":"center center","background-size":"auto","background-attachment":"scroll","background-type":"","background-media":"","overlay-type":"","overlay-color":"","overlay-opacity":"","overlay-gradient":""}},"ast-content-background-meta":{"desktop":{"background-color":"var(--ast-global-color-4)","background-image":"","background-repeat":"repeat","background-position":"center center","background-size":"auto","background-attachment":"scroll","background-type":"","background-media":"","overlay-type":"","overlay-color":"","overlay-opacity":"","overlay-gradient":""},"tablet":{"background-color":"var(--ast-global-color-4)","background-image":"","background-repeat":"repeat","background-position":"center center","background-size":"auto","background-attachment":"scroll","background-type":"","background-media":"","overlay-type":"","overlay-color":"","overlay-opacity":"","overlay-gradient":""},"mobile":{"background-color":"var(--ast-global-color-4)","background-image":"","background-repeat":"repeat","background-position":"center center","background-size":"auto","background-attachment":"scroll","background-type":"","background-media":"","overlay-type":"","overlay-color":"","overlay-opacity":"","overlay-gradient":""}},"_joinchat":[],"footnotes":""},"class_list":["post-723","page","type-page","status-publish","hentry"],"yoast_head":"<!-- This site is optimized with the Yoast SEO plugin v26.6 - https:\/\/yoast.com\/wordpress\/plugins\/seo\/ -->\n<title>PQRSF: Preguntas, quejas y peticiones- Ground Lightning<\/title>\n<meta name=\"description\" content=\"Env\u00edanos tus PQRSF: reclamos, preguntas, quejas o sugerencias. Tu opini\u00f3n nos ayuda a mejorar nuestros productos y servicios el\u00e9ctricos.\" \/>\n<meta name=\"robots\" content=\"index, follow, max-snippet:-1, max-image-preview:large, max-video-preview:-1\" \/>\n<link rel=\"canonical\" href=\"https:\/\/glground.co\/en\/pqrsf\/\" \/>\n<meta property=\"og:locale\" content=\"en_US\" \/>\n<meta property=\"og:type\" content=\"article\" \/>\n<meta property=\"og:title\" content=\"PQRSF: Preguntas, quejas y peticiones- Ground Lightning\" \/>\n<meta property=\"og:description\" content=\"Env\u00edanos tus PQRSF: reclamos, preguntas, quejas o sugerencias. Tu opini\u00f3n nos ayuda a mejorar nuestros productos y servicios el\u00e9ctricos.\" \/>\n<meta property=\"og:url\" content=\"https:\/\/glground.co\/en\/pqrsf\/\" \/>\n<meta property=\"og:site_name\" content=\"GL\" \/>\n<meta property=\"article:modified_time\" content=\"2025-10-10T20:51:20+00:00\" \/>\n<meta name=\"twitter:card\" content=\"summary_large_image\" \/>\n<meta name=\"twitter:label1\" content=\"Est. reading time\" \/>\n\t<meta name=\"twitter:data1\" content=\"1 minute\" \/>\n<script type=\"application\/ld+json\" class=\"yoast-schema-graph\">{\"@context\":\"https:\/\/schema.org\",\"@graph\":[{\"@type\":\"WebPage\",\"@id\":\"https:\/\/glground.co\/pqrsf-preguntas-quejas-peticiones\/\",\"url\":\"https:\/\/glground.co\/pqrsf\/\",\"name\":\"PQRSF: Preguntas, quejas y peticiones- Ground Lightning\",\"isPartOf\":{\"@id\":\"https:\/\/glground.co\/#website\"},\"datePublished\":\"2025-06-10T03:32:17+00:00\",\"dateModified\":\"2025-10-10T20:51:20+00:00\",\"description\":\"Env\u00edanos tus PQRSF: reclamos, preguntas, quejas o sugerencias. Tu opini\u00f3n nos ayuda a mejorar nuestros productos y servicios el\u00e9ctricos.\",\"breadcrumb\":{\"@id\":\"https:\/\/glground.co\/pqrsf\/#breadcrumb\"},\"inLanguage\":\"en-US\",\"potentialAction\":[{\"@type\":\"ReadAction\",\"target\":[\"https:\/\/glground.co\/pqrsf\/\"]}]},{\"@type\":\"BreadcrumbList\",\"@id\":\"https:\/\/glground.co\/pqrsf\/#breadcrumb\",\"itemListElement\":[{\"@type\":\"ListItem\",\"position\":1,\"name\":\"Inicio\",\"item\":\"https:\/\/glground.co\/\"},{\"@type\":\"ListItem\",\"position\":2,\"name\":\"PQRSF\"}]},{\"@type\":\"WebSite\",\"@id\":\"https:\/\/glground.co\/#website\",\"url\":\"https:\/\/glground.co\/\",\"name\":\"GL\",\"description\":\"Soluciones El\u00e9ctricas s.a.s.\",\"publisher\":{\"@id\":\"https:\/\/glground.co\/#organization\"},\"potentialAction\":[{\"@type\":\"SearchAction\",\"target\":{\"@type\":\"EntryPoint\",\"urlTemplate\":\"https:\/\/glground.co\/?s={search_term_string}\"},\"query-input\":{\"@type\":\"PropertyValueSpecification\",\"valueRequired\":true,\"valueName\":\"search_term_string\"}}],\"inLanguage\":\"en-US\"},{\"@type\":\"Organization\",\"@id\":\"https:\/\/glground.co\/#organization\",\"name\":\"GL\",\"url\":\"https:\/\/glground.co\/\",\"logo\":{\"@type\":\"ImageObject\",\"inLanguage\":\"en-US\",\"@id\":\"https:\/\/glground.co\/#\/schema\/logo\/image\/\",\"url\":\"https:\/\/glground.co\/wp-content\/uploads\/2025\/05\/LogoGLEN.png\",\"contentUrl\":\"https:\/\/glground.co\/wp-content\/uploads\/2025\/05\/LogoGLEN.png\",\"width\":2138,\"height\":839,\"caption\":\"GL\"},\"image\":{\"@id\":\"https:\/\/glground.co\/#\/schema\/logo\/image\/\"}}]}<\/script>\n<!-- \/ Yoast SEO plugin. -->","yoast_head_json":{"title":"PQRSF: Preguntas, quejas y peticiones- Ground Lightning","description":"Env\u00edanos tus PQRSF: reclamos, preguntas, quejas o sugerencias. Tu opini\u00f3n nos ayuda a mejorar nuestros productos y servicios el\u00e9ctricos.","robots":{"index":"index","follow":"follow","max-snippet":"max-snippet:-1","max-image-preview":"max-image-preview:large","max-video-preview":"max-video-preview:-1"},"canonical":"https:\/\/glground.co\/en\/pqrsf\/","og_locale":"en_US","og_type":"article","og_title":"PQRSF: Preguntas, quejas y peticiones- Ground Lightning","og_description":"Env\u00edanos tus PQRSF: reclamos, preguntas, quejas o sugerencias. Tu opini\u00f3n nos ayuda a mejorar nuestros productos y servicios el\u00e9ctricos.","og_url":"https:\/\/glground.co\/en\/pqrsf\/","og_site_name":"GL","article_modified_time":"2025-10-10T20:51:20+00:00","twitter_card":"summary_large_image","twitter_misc":{"Est. reading time":"1 minute"},"schema":{"@context":"https:\/\/schema.org","@graph":[{"@type":"WebPage","@id":"https:\/\/glground.co\/pqrsf-preguntas-quejas-peticiones\/","url":"https:\/\/glground.co\/pqrsf\/","name":"PQRSF: Preguntas, quejas y peticiones- Ground Lightning","isPartOf":{"@id":"https:\/\/glground.co\/#website"},"datePublished":"2025-06-10T03:32:17+00:00","dateModified":"2025-10-10T20:51:20+00:00","description":"Env\u00edanos tus PQRSF: reclamos, preguntas, quejas o sugerencias. Tu opini\u00f3n nos ayuda a mejorar nuestros productos y servicios el\u00e9ctricos.","breadcrumb":{"@id":"https:\/\/glground.co\/pqrsf\/#breadcrumb"},"inLanguage":"en-US","potentialAction":[{"@type":"ReadAction","target":["https:\/\/glground.co\/pqrsf\/"]}]},{"@type":"BreadcrumbList","@id":"https:\/\/glground.co\/pqrsf\/#breadcrumb","itemListElement":[{"@type":"ListItem","position":1,"name":"Inicio","item":"https:\/\/glground.co\/"},{"@type":"ListItem","position":2,"name":"PQRSF"}]},{"@type":"WebSite","@id":"https:\/\/glground.co\/#website","url":"https:\/\/glground.co\/","name":"GL","description":"Soluciones El\u00e9ctricas s.a.s.","publisher":{"@id":"https:\/\/glground.co\/#organization"},"potentialAction":[{"@type":"SearchAction","target":{"@type":"EntryPoint","urlTemplate":"https:\/\/glground.co\/?s={search_term_string}"},"query-input":{"@type":"PropertyValueSpecification","valueRequired":true,"valueName":"search_term_string"}}],"inLanguage":"en-US"},{"@type":"Organization","@id":"https:\/\/glground.co\/#organization","name":"GL","url":"https:\/\/glground.co\/","logo":{"@type":"ImageObject","inLanguage":"en-US","@id":"https:\/\/glground.co\/#\/schema\/logo\/image\/","url":"https:\/\/glground.co\/wp-content\/uploads\/2025\/05\/LogoGLEN.png","contentUrl":"https:\/\/glground.co\/wp-content\/uploads\/2025\/05\/LogoGLEN.png","width":2138,"height":839,"caption":"GL"},"image":{"@id":"https:\/\/glground.co\/#\/schema\/logo\/image\/"}}]}},"_links":{"self":[{"href":"https:\/\/glground.co\/en\/wp-json\/wp\/v2\/pages\/723","targetHints":{"allow":["GET"]}}],"collection":[{"href":"https:\/\/glground.co\/en\/wp-json\/wp\/v2\/pages"}],"about":[{"href":"https:\/\/glground.co\/en\/wp-json\/wp\/v2\/types\/page"}],"author":[{"embeddable":true,"href":"https:\/\/glground.co\/en\/wp-json\/wp\/v2\/users\/1"}],"replies":[{"embeddable":true,"href":"https:\/\/glground.co\/en\/wp-json\/wp\/v2\/comments?post=723"}],"version-history":[{"count":23,"href":"https:\/\/glground.co\/en\/wp-json\/wp\/v2\/pages\/723\/revisions"}],"predecessor-version":[{"id":1411,"href":"https:\/\/glground.co\/en\/wp-json\/wp\/v2\/pages\/723\/revisions\/1411"}],"wp:attachment":[{"href":"https:\/\/glground.co\/en\/wp-json\/wp\/v2\/media?parent=723"}],"curies":[{"name":"wp","href":"https:\/\/api.w.org\/{rel}","templated":true}]}}