{"id":744,"date":"2025-06-10T21:39:45","date_gmt":"2025-06-10T21:39:45","guid":{"rendered":"https:\/\/glground.co\/?page_id=744"},"modified":"2025-06-18T17:13:44","modified_gmt":"2025-06-18T17:13:44","slug":"politicas-de-privacidad","status":"publish","type":"page","link":"https:\/\/glground.co\/en\/politicas-de-privacidad\/","title":{"rendered":"POL\u00cdTICAS DE PRIVACIDAD"},"content":{"rendered":"<div data-elementor-type=\"wp-page\" data-elementor-id=\"744\" class=\"elementor elementor-744\" data-elementor-post-type=\"page\">\n\t\t\t\t<div class=\"elementor-element elementor-element-a8eb3fd e-con-full e-flex e-con e-parent\" data-id=\"a8eb3fd\" data-element_type=\"container\" data-e-type=\"container\" data-settings=\"{&quot;background_background&quot;:&quot;classic&quot;}\">\n\t\t\t\t<div class=\"elementor-element elementor-element-dc308f8 elementor-widget elementor-widget-heading\" data-id=\"dc308f8\" data-element_type=\"widget\" data-e-type=\"widget\" data-widget_type=\"heading.default\">\n\t\t\t\t<div class=\"elementor-widget-container\">\n\t\t\t\t\t<h2 class=\"elementor-heading-title elementor-size-default\">POL\u00cdTICA DE DATOS PERSONALES GL GROUND<\/h2>\t\t\t\t<\/div>\n\t\t\t\t<\/div>\n\t\t\t\t<div class=\"elementor-element elementor-element-54bbf64 elementor-widget elementor-widget-text-editor\" data-id=\"54bbf64\" data-element_type=\"widget\" data-e-type=\"widget\" data-widget_type=\"text-editor.default\">\n\t\t\t\t<div class=\"elementor-widget-container\">\n\t\t\t\t\t\t\t\t\t<p>Ground Lightning S.A.S. es una entidad privada encargada de la elaboraci\u00f3n, fabricaci\u00f3n, venta, comercializaci\u00f3n y exportaci\u00f3n de productos mejoradores de tierra y dispositivos con tecnolog\u00eda desionizante (Pararrayos), la cual en cumplimiento de lo dispuesto en el art\u00edculo 15 de la Constituci\u00f3n Pol\u00edtica de Colombia y la ley 1581 de 2012, junto con los decretos reglamentarios y dem\u00e1s normas concordantes, pone en conocimiento de la comunidad y sus usuarios, la pol\u00edtica de protecci\u00f3n de datos de car\u00e1cter personal, la cual tiene como \u00e1mbito de aplicaci\u00f3n las bases de datos que utiliza la entidad, las cuales son de obligatoria y estricta observancia de la entidad y del personal encargado del tratamiento de las bases de datos.<\/p><p><br><\/p>\n<p>La observancia de la pol\u00edtica de privacidad por parte de Ground Lightning S.A.S., se realiza con el fin de que los usuarios determinen libre y voluntariamente, si desean facilitar a Ground Lightning S.A.S. los datos personales que se les requiera, para diligenciar cualquier formulario o correo de contacto, dar a conocer las finalidades por las que se recolecta dicha informaci\u00f3n, poner en conocimiento los derechos a que tienen los titulares de la informaci\u00f3n, los deberes de la entidad y los canales de comunicaci\u00f3n para con la misma.<\/p><p><br><\/p>\n<p>Los datos que sean facilitados por los usuarios, clientes, colaboradores, personal, proveedores, contratistas, practicantes, ser\u00e1n utilizados para el env\u00edo de informaci\u00f3n, publicidad, actividades de promoci\u00f3n y mercadeo, campa\u00f1as de comunicaci\u00f3n masiva de ofertas y promociones, establecer comunicaci\u00f3n y contacto v\u00eda telef\u00f3nica y mediante correo electr\u00f3nico, informar la participaci\u00f3n en eventos y ferias, evaluar el servicio prestado, extender invitaciones a lanzamiento de productos, efectuar comunicaciones, divulgar la informaci\u00f3n institucional en medios escritos, audiovisuales y tecnol\u00f3gicos, resolver solicitudes de informaci\u00f3n sobre productos y servicios, visibilizar la perspectiva de los clientes en p\u00e1ginas web y redes sociales, elaborar y remitir informes dirigidos a entidades p\u00fablicas y privadas, realizar encuestas, evaluar la calidad del servicio, llevar a cabo actividades de mejora en la calidad del servicio, llevar a cabo el proceso de selecci\u00f3n y contrataci\u00f3n de trabajadores, aprendices, practicantes, contratistas; dise\u00f1ar y ejecutar capacitaciones, resguardar informaci\u00f3n del personal, contactar referencias de aspirantes y proveedores, realizar proceso de evaluaci\u00f3n, selecci\u00f3n y contrataci\u00f3n de proveedores y contratistas, efectuar registro y almacenar la informaci\u00f3n contable, realizar consultas en centrales de informaci\u00f3n y riesgo y otras entidades a fin de establecer el comportamiento crediticio, financiero, comercial y de servicios; reportar informaci\u00f3n tributaria y reportar informaci\u00f3n de car\u00e1cter estad\u00edstico ante las entidades competentes.<\/p><p><br><\/p>\n<p>Ground Lightning S.A.S. garantiza a los titulares el ejercicio de los siguientes derechos: conocer, actualizar y rectificar sus datos personales frente a los responsables del tratamiento, ser informado por el responsable del tratamiento el uso que le ha dado a sus datos personales, revocar la autorizaci\u00f3n y\/o supresi\u00f3n del dato cuando en el tratamiento no se respeten los principios, derechos y garant\u00edas constitucionales y legales, circunstancia que deber\u00e1 ser determinada por una autoridad competente; acceder de forma gratuita a sus datos personales que hayan sido objeto de tratamiento, consultas que ser\u00e1n atendidas dentro de los l\u00edmites temporales establecidos en la ley, y los dem\u00e1s derechos contemplados en la normatividad colombiana.<\/p><p><br><\/p>\n<p>Las bases de datos de la entidad en las que se almacene informaci\u00f3n se mantendr\u00e1n vigentes hasta que finalice la necesidad del tratamiento o hasta que la ley disponga, sin perjuicio de los derechos que le asisten al titular de la informaci\u00f3n.<\/p><p><br><\/p>\n<p>A los titulares de datos y terceros interesados les informamos que Ground Lightning S.A.S. en desarrollo del tratamiento de los datos personales, cumple y exige que se cumplan los deberes que impone la ley, a saber, informar de manera clara y suficiente al titular sobre la finalidad de la recolecci\u00f3n y los derechos que le asisten por virtud de la autorizaci\u00f3n otorgada, garantizar al titular el pleno y efectivo ejercicio del derecho de habeas data, es decir, conocer, actualizar o rectificar sus datos personales, informar a solicitud del titular sobre el uso dado a sus datos personales, tramitar las consultas y reclamos formulados, conservar la informaci\u00f3n en condiciones de seguridad a efectos de impedir su adulteraci\u00f3n, p\u00e9rdida, consulta, uso o acceso no autorizado o fraudulento, y los dem\u00e1s deberes contemplados en la normatividad colombiana.<\/p><p><br><\/p>\n<p>Ground Lightning S.A.S. declara su respeto y cumplimiento de las disposiciones legales, en consecuencia, no se hace responsable de la veracidad de los datos facilitados, reserv\u00e1ndose el derecho a excluir de los servicios registrados a todo usuario que haya facilitado datos falsos, sin perjuicio de las dem\u00e1s acciones que procedan en derecho. Se advierte a los titulares que la entidad solo compartir\u00e1 datos personales con motivo de la consulta y reclamos del titular del dato, sus causahabientes y representantes legales (previa acreditaci\u00f3n de esta calidad); a las personas autorizadas por el titular y los requerimientos judiciales y legales que sean efectuados.<\/p>\n<p>Le compartimos los canales de atenci\u00f3n para la recepci\u00f3n de consultas y reclamos: calle 48 # 28 \u2013 40 piso 2, Edificio de Ecopetrol S-Innova de la ciudad de Bucaramanga, Santander, Colombia, correo electr\u00f3nico a info@glground.co.<\/p>\t\t\t\t\t\t\t\t<\/div>\n\t\t\t\t<\/div>\n\t\t\t\t<\/div>\n\t\t\t\t<\/div>","protected":false},"excerpt":{"rendered":"<p>POL\u00cdTICA DE DATOS PERSONALES GL GROUND Ground Lightning S.A.S. es una entidad privada encargada de la elaboraci\u00f3n, fabricaci\u00f3n, venta, comercializaci\u00f3n [&hellip;]<\/p>\n","protected":false},"author":1,"featured_media":0,"parent":0,"menu_order":0,"comment_status":"closed","ping_status":"closed","template":"","meta":{"content-type":"","site-sidebar-layout":"no-sidebar","site-content-layout":"","ast-site-content-layout":"full-width-container","site-content-style":"default","site-sidebar-style":"default","ast-global-header-display":"","ast-banner-title-visibility":"","ast-main-header-display":"","ast-hfb-above-header-display":"","ast-hfb-below-header-display":"","ast-hfb-mobile-header-display":"","site-post-title":"disabled","ast-breadcrumbs-content":"","ast-featured-img":"disabled","footer-sml-layout":"","ast-disable-related-posts":"","theme-transparent-header-meta":"","adv-header-id-meta":"","stick-header-meta":"","header-above-stick-meta":"","header-main-stick-meta":"","header-below-stick-meta":"","astra-migrate-meta-layouts":"default","ast-page-background-enabled":"default","ast-page-background-meta":{"desktop":{"background-color":"var(--ast-global-color-5)","background-image":"","background-repeat":"repeat","background-position":"center center","background-size":"auto","background-attachment":"scroll","background-type":"","background-media":"","overlay-type":"","overlay-color":"","overlay-opacity":"","overlay-gradient":""},"tablet":{"background-color":"","background-image":"","background-repeat":"repeat","background-position":"center center","background-size":"auto","background-attachment":"scroll","background-type":"","background-media":"","overlay-type":"","overlay-color":"","overlay-opacity":"","overlay-gradient":""},"mobile":{"background-color":"","background-image":"","background-repeat":"repeat","background-position":"center center","background-size":"auto","background-attachment":"scroll","background-type":"","background-media":"","overlay-type":"","overlay-color":"","overlay-opacity":"","overlay-gradient":""}},"ast-content-background-meta":{"desktop":{"background-color":"var(--ast-global-color-4)","background-image":"","background-repeat":"repeat","background-position":"center center","background-size":"auto","background-attachment":"scroll","background-type":"","background-media":"","overlay-type":"","overlay-color":"","overlay-opacity":"","overlay-gradient":""},"tablet":{"background-color":"var(--ast-global-color-4)","background-image":"","background-repeat":"repeat","background-position":"center center","background-size":"auto","background-attachment":"scroll","background-type":"","background-media":"","overlay-type":"","overlay-color":"","overlay-opacity":"","overlay-gradient":""},"mobile":{"background-color":"var(--ast-global-color-4)","background-image":"","background-repeat":"repeat","background-position":"center center","background-size":"auto","background-attachment":"scroll","background-type":"","background-media":"","overlay-type":"","overlay-color":"","overlay-opacity":"","overlay-gradient":""}},"_joinchat":[],"footnotes":""},"class_list":["post-744","page","type-page","status-publish","hentry"],"yoast_head":"<!-- This site is optimized with the Yoast SEO plugin v26.6 - https:\/\/yoast.com\/wordpress\/plugins\/seo\/ -->\n<title>POL\u00cdTICAS DE PRIVACIDAD - GL<\/title>\n<meta name=\"robots\" content=\"index, follow, max-snippet:-1, max-image-preview:large, max-video-preview:-1\" \/>\n<link rel=\"canonical\" href=\"https:\/\/glground.co\/en\/politicas-de-privacidad\/\" \/>\n<meta property=\"og:locale\" content=\"en_US\" \/>\n<meta property=\"og:type\" content=\"article\" \/>\n<meta property=\"og:title\" content=\"POL\u00cdTICAS DE PRIVACIDAD - GL\" \/>\n<meta property=\"og:description\" content=\"POL\u00cdTICA DE DATOS PERSONALES GL GROUND Ground Lightning S.A.S. es una entidad privada encargada de la elaboraci\u00f3n, fabricaci\u00f3n, venta, comercializaci\u00f3n [&hellip;]\" \/>\n<meta property=\"og:url\" content=\"https:\/\/glground.co\/en\/politicas-de-privacidad\/\" \/>\n<meta property=\"og:site_name\" content=\"GL\" \/>\n<meta property=\"article:modified_time\" content=\"2025-06-18T17:13:44+00:00\" \/>\n<meta name=\"twitter:card\" content=\"summary_large_image\" \/>\n<meta name=\"twitter:label1\" content=\"Est. reading time\" \/>\n\t<meta name=\"twitter:data1\" content=\"5 minutes\" \/>\n<script type=\"application\/ld+json\" class=\"yoast-schema-graph\">{\"@context\":\"https:\/\/schema.org\",\"@graph\":[{\"@type\":\"WebPage\",\"@id\":\"https:\/\/glground.co\/politicas-de-privacidad\/\",\"url\":\"https:\/\/glground.co\/politicas-de-privacidad\/\",\"name\":\"POL\u00cdTICAS DE PRIVACIDAD - GL\",\"isPartOf\":{\"@id\":\"https:\/\/glground.co\/#website\"},\"datePublished\":\"2025-06-10T21:39:45+00:00\",\"dateModified\":\"2025-06-18T17:13:44+00:00\",\"breadcrumb\":{\"@id\":\"https:\/\/glground.co\/politicas-de-privacidad\/#breadcrumb\"},\"inLanguage\":\"en-US\",\"potentialAction\":[{\"@type\":\"ReadAction\",\"target\":[\"https:\/\/glground.co\/politicas-de-privacidad\/\"]}]},{\"@type\":\"BreadcrumbList\",\"@id\":\"https:\/\/glground.co\/politicas-de-privacidad\/#breadcrumb\",\"itemListElement\":[{\"@type\":\"ListItem\",\"position\":1,\"name\":\"Inicio\",\"item\":\"https:\/\/glground.co\/\"},{\"@type\":\"ListItem\",\"position\":2,\"name\":\"POL\u00cdTICAS DE PRIVACIDAD\"}]},{\"@type\":\"WebSite\",\"@id\":\"https:\/\/glground.co\/#website\",\"url\":\"https:\/\/glground.co\/\",\"name\":\"GL\",\"description\":\"Soluciones El\u00e9ctricas s.a.s.\",\"publisher\":{\"@id\":\"https:\/\/glground.co\/#organization\"},\"potentialAction\":[{\"@type\":\"SearchAction\",\"target\":{\"@type\":\"EntryPoint\",\"urlTemplate\":\"https:\/\/glground.co\/?s={search_term_string}\"},\"query-input\":{\"@type\":\"PropertyValueSpecification\",\"valueRequired\":true,\"valueName\":\"search_term_string\"}}],\"inLanguage\":\"en-US\"},{\"@type\":\"Organization\",\"@id\":\"https:\/\/glground.co\/#organization\",\"name\":\"GL\",\"url\":\"https:\/\/glground.co\/\",\"logo\":{\"@type\":\"ImageObject\",\"inLanguage\":\"en-US\",\"@id\":\"https:\/\/glground.co\/#\/schema\/logo\/image\/\",\"url\":\"https:\/\/glground.co\/wp-content\/uploads\/2025\/05\/LogoGLEN.png\",\"contentUrl\":\"https:\/\/glground.co\/wp-content\/uploads\/2025\/05\/LogoGLEN.png\",\"width\":2138,\"height\":839,\"caption\":\"GL\"},\"image\":{\"@id\":\"https:\/\/glground.co\/#\/schema\/logo\/image\/\"}}]}<\/script>\n<!-- \/ Yoast SEO plugin. -->","yoast_head_json":{"title":"POL\u00cdTICAS DE PRIVACIDAD - GL","robots":{"index":"index","follow":"follow","max-snippet":"max-snippet:-1","max-image-preview":"max-image-preview:large","max-video-preview":"max-video-preview:-1"},"canonical":"https:\/\/glground.co\/en\/politicas-de-privacidad\/","og_locale":"en_US","og_type":"article","og_title":"POL\u00cdTICAS DE PRIVACIDAD - GL","og_description":"POL\u00cdTICA DE DATOS PERSONALES GL GROUND Ground Lightning S.A.S. es una entidad privada encargada de la elaboraci\u00f3n, fabricaci\u00f3n, venta, comercializaci\u00f3n [&hellip;]","og_url":"https:\/\/glground.co\/en\/politicas-de-privacidad\/","og_site_name":"GL","article_modified_time":"2025-06-18T17:13:44+00:00","twitter_card":"summary_large_image","twitter_misc":{"Est. reading time":"5 minutes"},"schema":{"@context":"https:\/\/schema.org","@graph":[{"@type":"WebPage","@id":"https:\/\/glground.co\/politicas-de-privacidad\/","url":"https:\/\/glground.co\/politicas-de-privacidad\/","name":"POL\u00cdTICAS DE PRIVACIDAD - GL","isPartOf":{"@id":"https:\/\/glground.co\/#website"},"datePublished":"2025-06-10T21:39:45+00:00","dateModified":"2025-06-18T17:13:44+00:00","breadcrumb":{"@id":"https:\/\/glground.co\/politicas-de-privacidad\/#breadcrumb"},"inLanguage":"en-US","potentialAction":[{"@type":"ReadAction","target":["https:\/\/glground.co\/politicas-de-privacidad\/"]}]},{"@type":"BreadcrumbList","@id":"https:\/\/glground.co\/politicas-de-privacidad\/#breadcrumb","itemListElement":[{"@type":"ListItem","position":1,"name":"Inicio","item":"https:\/\/glground.co\/"},{"@type":"ListItem","position":2,"name":"POL\u00cdTICAS DE PRIVACIDAD"}]},{"@type":"WebSite","@id":"https:\/\/glground.co\/#website","url":"https:\/\/glground.co\/","name":"GL","description":"Soluciones El\u00e9ctricas s.a.s.","publisher":{"@id":"https:\/\/glground.co\/#organization"},"potentialAction":[{"@type":"SearchAction","target":{"@type":"EntryPoint","urlTemplate":"https:\/\/glground.co\/?s={search_term_string}"},"query-input":{"@type":"PropertyValueSpecification","valueRequired":true,"valueName":"search_term_string"}}],"inLanguage":"en-US"},{"@type":"Organization","@id":"https:\/\/glground.co\/#organization","name":"GL","url":"https:\/\/glground.co\/","logo":{"@type":"ImageObject","inLanguage":"en-US","@id":"https:\/\/glground.co\/#\/schema\/logo\/image\/","url":"https:\/\/glground.co\/wp-content\/uploads\/2025\/05\/LogoGLEN.png","contentUrl":"https:\/\/glground.co\/wp-content\/uploads\/2025\/05\/LogoGLEN.png","width":2138,"height":839,"caption":"GL"},"image":{"@id":"https:\/\/glground.co\/#\/schema\/logo\/image\/"}}]}},"_links":{"self":[{"href":"https:\/\/glground.co\/en\/wp-json\/wp\/v2\/pages\/744","targetHints":{"allow":["GET"]}}],"collection":[{"href":"https:\/\/glground.co\/en\/wp-json\/wp\/v2\/pages"}],"about":[{"href":"https:\/\/glground.co\/en\/wp-json\/wp\/v2\/types\/page"}],"author":[{"embeddable":true,"href":"https:\/\/glground.co\/en\/wp-json\/wp\/v2\/users\/1"}],"replies":[{"embeddable":true,"href":"https:\/\/glground.co\/en\/wp-json\/wp\/v2\/comments?post=744"}],"version-history":[{"count":16,"href":"https:\/\/glground.co\/en\/wp-json\/wp\/v2\/pages\/744\/revisions"}],"predecessor-version":[{"id":805,"href":"https:\/\/glground.co\/en\/wp-json\/wp\/v2\/pages\/744\/revisions\/805"}],"wp:attachment":[{"href":"https:\/\/glground.co\/en\/wp-json\/wp\/v2\/media?parent=744"}],"curies":[{"name":"wp","href":"https:\/\/api.w.org\/{rel}","templated":true}]}}